{"id":2,"date":"2019-08-20T15:00:43","date_gmt":"2019-08-20T15:00:43","guid":{"rendered":"https:\/\/ferienwohnung.parketny.de\/?page_id=2"},"modified":"2023-10-21T20:06:19","modified_gmt":"2023-10-21T20:06:19","slug":"sample-page","status":"publish","type":"page","link":"https:\/\/ferienwohnung.parketny.de\/","title":{"rendered":"Sample Page"},"content":{"rendered":"\t\t<div data-elementor-type=\"wp-post\" data-elementor-id=\"2\" class=\"elementor elementor-2\">\n\t\t\t\t\t\t<section class=\"elementor-section elementor-top-section elementor-element elementor-element-ee9716c elementor-section-content-middle elementor-section-boxed elementor-section-height-default elementor-section-height-default\" data-id=\"ee9716c\" data-element_type=\"section\" data-e-type=\"section\">\n\t\t\t\t\t\t<div class=\"elementor-container elementor-column-gap-default\">\n\t\t\t\t\t<div class=\"elementor-column elementor-col-100 elementor-top-column elementor-element elementor-element-4cf6b6c\" data-id=\"4cf6b6c\" data-element_type=\"column\" data-e-type=\"column\">\n\t\t\t<div class=\"elementor-widget-wrap elementor-element-populated\">\n\t\t\t\t\t\t<div class=\"elementor-element elementor-element-80a32a4 elementor-widget elementor-widget-text-editor\" data-id=\"80a32a4\" data-element_type=\"widget\" data-e-type=\"widget\" data-widget_type=\"text-editor.default\">\n\t\t\t\t<div class=\"elementor-widget-container\">\n\t\t\t\t\t\t\t\t\t<p><strong>Willkommen!<\/strong><\/p><p><em>Guten Tag sehr geehrte G\u00e4ste,<\/em><\/p><p><em>vielen Dank f\u00fcr ihr Interesse an einem Besuchsaufenthalt in unserer Kleinstadt Unkel, bei <\/em><\/p><p><em>dem wir sie gerne mit einer \u00dcbernachtungsm\u00f6glichkeit unsterst\u00fctzen m\u00f6chten.<\/em><\/p><p><em>Hier informieren wir sie im weiteren Verlauf \u00fcber unsere Ferienwohnung.<\/em><\/p><p><em>Wir w\u00fcrden uns freuen sie als G\u00e4ste begr\u00fc\u00dfen zu d\u00fcrfen.<\/em><\/p><p><em>Familie Parketny<\/em><\/p>\t\t\t\t\t\t\t\t<\/div>\n\t\t\t\t<\/div>\n\t\t\t\t\t<\/div>\n\t\t<\/div>\n\t\t\t\t\t<\/div>\n\t\t<\/section>\n\t\t\t\t<\/div>\n\t\t","protected":false},"excerpt":{"rendered":"<p>Willkommen! Guten Tag sehr geehrte G\u00e4ste, vielen Dank f\u00fcr ihr Interesse an einem Besuchsaufenthalt in unserer Kleinstadt Unkel, bei dem wir sie gerne mit einer \u00dcbernachtungsm\u00f6glichkeit unsterst\u00fctzen m\u00f6chten. Hier informieren wir sie im weiteren Verlauf \u00fcber unsere Ferienwohnung. Wir w\u00fcrden uns freuen sie als G\u00e4ste begr\u00fc\u00dfen zu d\u00fcrfen. Familie Parketny &nbsp; &nbsp; Alle gebotenen Hygienema\u00dfnahmen [&hellip;]<\/p>\n","protected":false},"author":1,"featured_media":0,"parent":0,"menu_order":0,"comment_status":"closed","ping_status":"closed","template":"","meta":{"footnotes":""},"class_list":["post-2","page","type-page","status-publish","czr-hentry"],"yoast_head":"<!-- This site is optimized with the Yoast SEO plugin v27.5 - https:\/\/yoast.com\/product\/yoast-seo-wordpress\/ -->\n<title>Sample Page - St. Pantaleonstrasse<\/title>\n<meta name=\"robots\" content=\"index, follow, max-snippet:-1, max-image-preview:large, max-video-preview:-1\" \/>\n<link rel=\"canonical\" href=\"https:\/\/ferienwohnung.parketny.de\/\" \/>\n<meta property=\"og:locale\" content=\"de_DE\" \/>\n<meta property=\"og:type\" content=\"article\" \/>\n<meta property=\"og:title\" content=\"Sample Page - St. Pantaleonstrasse\" \/>\n<meta property=\"og:description\" content=\"Willkommen! Guten Tag sehr geehrte G\u00e4ste, vielen Dank f\u00fcr ihr Interesse an einem Besuchsaufenthalt in unserer Kleinstadt Unkel, bei dem wir sie gerne mit einer \u00dcbernachtungsm\u00f6glichkeit unsterst\u00fctzen m\u00f6chten. Hier informieren wir sie im weiteren Verlauf \u00fcber unsere Ferienwohnung. Wir w\u00fcrden uns freuen sie als G\u00e4ste begr\u00fc\u00dfen zu d\u00fcrfen. Familie Parketny &nbsp; &nbsp; Alle gebotenen Hygienema\u00dfnahmen [&hellip;]\" \/>\n<meta property=\"og:url\" content=\"https:\/\/ferienwohnung.parketny.de\/\" \/>\n<meta property=\"og:site_name\" content=\"St. Pantaleonstrasse\" \/>\n<meta property=\"article:modified_time\" content=\"2023-10-21T20:06:19+00:00\" \/>\n<meta name=\"twitter:card\" content=\"summary_large_image\" \/>\n<script type=\"application\/ld+json\" class=\"yoast-schema-graph\">{\"@context\":\"https:\\\/\\\/schema.org\",\"@graph\":[{\"@type\":\"WebPage\",\"@id\":\"https:\\\/\\\/ferienwohnung.parketny.de\\\/\",\"url\":\"https:\\\/\\\/ferienwohnung.parketny.de\\\/\",\"name\":\"Sample Page - St. Pantaleonstrasse\",\"isPartOf\":{\"@id\":\"https:\\\/\\\/ferienwohnung.parketny.de\\\/#website\"},\"datePublished\":\"2019-08-20T15:00:43+00:00\",\"dateModified\":\"2023-10-21T20:06:19+00:00\",\"breadcrumb\":{\"@id\":\"https:\\\/\\\/ferienwohnung.parketny.de\\\/#breadcrumb\"},\"inLanguage\":\"de\",\"potentialAction\":[{\"@type\":\"ReadAction\",\"target\":[\"https:\\\/\\\/ferienwohnung.parketny.de\\\/\"]}]},{\"@type\":\"BreadcrumbList\",\"@id\":\"https:\\\/\\\/ferienwohnung.parketny.de\\\/#breadcrumb\",\"itemListElement\":[{\"@type\":\"ListItem\",\"position\":1,\"name\":\"Home\",\"item\":\"https:\\\/\\\/ferienwohnung.parketny.de\\\/\"},{\"@type\":\"ListItem\",\"position\":2,\"name\":\"Sample Page\"}]},{\"@type\":\"WebSite\",\"@id\":\"https:\\\/\\\/ferienwohnung.parketny.de\\\/#website\",\"url\":\"https:\\\/\\\/ferienwohnung.parketny.de\\\/\",\"name\":\"St. Pantaleonstrasse\",\"description\":\"\",\"publisher\":{\"@id\":\"https:\\\/\\\/ferienwohnung.parketny.de\\\/#organization\"},\"potentialAction\":[{\"@type\":\"SearchAction\",\"target\":{\"@type\":\"EntryPoint\",\"urlTemplate\":\"https:\\\/\\\/ferienwohnung.parketny.de\\\/?s={search_term_string}\"},\"query-input\":{\"@type\":\"PropertyValueSpecification\",\"valueRequired\":true,\"valueName\":\"search_term_string\"}}],\"inLanguage\":\"de\"},{\"@type\":\"Organization\",\"@id\":\"https:\\\/\\\/ferienwohnung.parketny.de\\\/#organization\",\"name\":\"St. Pantaleonstrasse\",\"url\":\"https:\\\/\\\/ferienwohnung.parketny.de\\\/\",\"logo\":{\"@type\":\"ImageObject\",\"inLanguage\":\"de\",\"@id\":\"https:\\\/\\\/ferienwohnung.parketny.de\\\/#\\\/schema\\\/logo\\\/image\\\/\",\"url\":\"https:\\\/\\\/ferienwohnung.parketny.de\\\/wp-content\\\/uploads\\\/2019\\\/09\\\/cropped-Hausnummer.jpg\",\"contentUrl\":\"https:\\\/\\\/ferienwohnung.parketny.de\\\/wp-content\\\/uploads\\\/2019\\\/09\\\/cropped-Hausnummer.jpg\",\"width\":1022,\"height\":899,\"caption\":\"St. Pantaleonstrasse\"},\"image\":{\"@id\":\"https:\\\/\\\/ferienwohnung.parketny.de\\\/#\\\/schema\\\/logo\\\/image\\\/\"}}]}<\/script>\n<!-- \/ Yoast SEO plugin. -->","yoast_head_json":{"title":"Sample Page - St. Pantaleonstrasse","robots":{"index":"index","follow":"follow","max-snippet":"max-snippet:-1","max-image-preview":"max-image-preview:large","max-video-preview":"max-video-preview:-1"},"canonical":"https:\/\/ferienwohnung.parketny.de\/","og_locale":"de_DE","og_type":"article","og_title":"Sample Page - St. Pantaleonstrasse","og_description":"Willkommen! Guten Tag sehr geehrte G\u00e4ste, vielen Dank f\u00fcr ihr Interesse an einem Besuchsaufenthalt in unserer Kleinstadt Unkel, bei dem wir sie gerne mit einer \u00dcbernachtungsm\u00f6glichkeit unsterst\u00fctzen m\u00f6chten. Hier informieren wir sie im weiteren Verlauf \u00fcber unsere Ferienwohnung. Wir w\u00fcrden uns freuen sie als G\u00e4ste begr\u00fc\u00dfen zu d\u00fcrfen. Familie Parketny &nbsp; &nbsp; Alle gebotenen Hygienema\u00dfnahmen [&hellip;]","og_url":"https:\/\/ferienwohnung.parketny.de\/","og_site_name":"St. Pantaleonstrasse","article_modified_time":"2023-10-21T20:06:19+00:00","twitter_card":"summary_large_image","schema":{"@context":"https:\/\/schema.org","@graph":[{"@type":"WebPage","@id":"https:\/\/ferienwohnung.parketny.de\/","url":"https:\/\/ferienwohnung.parketny.de\/","name":"Sample Page - St. Pantaleonstrasse","isPartOf":{"@id":"https:\/\/ferienwohnung.parketny.de\/#website"},"datePublished":"2019-08-20T15:00:43+00:00","dateModified":"2023-10-21T20:06:19+00:00","breadcrumb":{"@id":"https:\/\/ferienwohnung.parketny.de\/#breadcrumb"},"inLanguage":"de","potentialAction":[{"@type":"ReadAction","target":["https:\/\/ferienwohnung.parketny.de\/"]}]},{"@type":"BreadcrumbList","@id":"https:\/\/ferienwohnung.parketny.de\/#breadcrumb","itemListElement":[{"@type":"ListItem","position":1,"name":"Home","item":"https:\/\/ferienwohnung.parketny.de\/"},{"@type":"ListItem","position":2,"name":"Sample Page"}]},{"@type":"WebSite","@id":"https:\/\/ferienwohnung.parketny.de\/#website","url":"https:\/\/ferienwohnung.parketny.de\/","name":"St. Pantaleonstrasse","description":"","publisher":{"@id":"https:\/\/ferienwohnung.parketny.de\/#organization"},"potentialAction":[{"@type":"SearchAction","target":{"@type":"EntryPoint","urlTemplate":"https:\/\/ferienwohnung.parketny.de\/?s={search_term_string}"},"query-input":{"@type":"PropertyValueSpecification","valueRequired":true,"valueName":"search_term_string"}}],"inLanguage":"de"},{"@type":"Organization","@id":"https:\/\/ferienwohnung.parketny.de\/#organization","name":"St. Pantaleonstrasse","url":"https:\/\/ferienwohnung.parketny.de\/","logo":{"@type":"ImageObject","inLanguage":"de","@id":"https:\/\/ferienwohnung.parketny.de\/#\/schema\/logo\/image\/","url":"https:\/\/ferienwohnung.parketny.de\/wp-content\/uploads\/2019\/09\/cropped-Hausnummer.jpg","contentUrl":"https:\/\/ferienwohnung.parketny.de\/wp-content\/uploads\/2019\/09\/cropped-Hausnummer.jpg","width":1022,"height":899,"caption":"St. Pantaleonstrasse"},"image":{"@id":"https:\/\/ferienwohnung.parketny.de\/#\/schema\/logo\/image\/"}}]}},"jetpack_sharing_enabled":true,"_links":{"self":[{"href":"https:\/\/ferienwohnung.parketny.de\/index.php?rest_route=\/wp\/v2\/pages\/2","targetHints":{"allow":["GET"]}}],"collection":[{"href":"https:\/\/ferienwohnung.parketny.de\/index.php?rest_route=\/wp\/v2\/pages"}],"about":[{"href":"https:\/\/ferienwohnung.parketny.de\/index.php?rest_route=\/wp\/v2\/types\/page"}],"author":[{"embeddable":true,"href":"https:\/\/ferienwohnung.parketny.de\/index.php?rest_route=\/wp\/v2\/users\/1"}],"replies":[{"embeddable":true,"href":"https:\/\/ferienwohnung.parketny.de\/index.php?rest_route=%2Fwp%2Fv2%2Fcomments&post=2"}],"version-history":[{"count":22,"href":"https:\/\/ferienwohnung.parketny.de\/index.php?rest_route=\/wp\/v2\/pages\/2\/revisions"}],"predecessor-version":[{"id":328,"href":"https:\/\/ferienwohnung.parketny.de\/index.php?rest_route=\/wp\/v2\/pages\/2\/revisions\/328"}],"wp:attachment":[{"href":"https:\/\/ferienwohnung.parketny.de\/index.php?rest_route=%2Fwp%2Fv2%2Fmedia&parent=2"}],"curies":[{"name":"wp","href":"https:\/\/api.w.org\/{rel}","templated":true}]}}