{"id":55,"date":"2019-09-08T14:27:55","date_gmt":"2019-09-08T14:27:55","guid":{"rendered":"https:\/\/ferienwohnung.parketny.de\/?page_id=55"},"modified":"2022-10-26T09:20:45","modified_gmt":"2022-10-26T09:20:45","slug":"bilder","status":"publish","type":"page","link":"https:\/\/ferienwohnung.parketny.de\/?page_id=55","title":{"rendered":"Bilder"},"content":{"rendered":"\t\t<div data-elementor-type=\"wp-page\" data-elementor-id=\"55\" class=\"elementor elementor-55\">\n\t\t\t\t\t\t<section class=\"elementor-section elementor-top-section elementor-element elementor-element-24c2529b elementor-section-boxed elementor-section-height-default elementor-section-height-default\" data-id=\"24c2529b\" data-element_type=\"section\" data-e-type=\"section\">\n\t\t\t\t\t\t<div class=\"elementor-container elementor-column-gap-default\">\n\t\t\t\t\t<div class=\"elementor-column elementor-col-100 elementor-top-column elementor-element elementor-element-20b1a382\" data-id=\"20b1a382\" data-element_type=\"column\" data-e-type=\"column\">\n\t\t\t<div class=\"elementor-widget-wrap elementor-element-populated\">\n\t\t\t\t\t\t<div class=\"elementor-element elementor-element-20b43f9a elementor-widget elementor-widget-text-editor\" data-id=\"20b43f9a\" data-element_type=\"widget\" data-e-type=\"widget\" data-widget_type=\"text-editor.default\">\n\t\t\t\t<div class=\"elementor-widget-container\">\n\t\t\t\t\t\t\t\t\t\t\t\t\t\t\t\t\t<\/div>\n\t\t\t\t<\/div>\n\t\t\t\t\t<\/div>\n\t\t<\/div>\n\t\t\t\t\t<\/div>\n\t\t<\/section>\n\t\t\t\t<section class=\"elementor-section elementor-top-section elementor-element elementor-element-7867257 elementor-section-boxed elementor-section-height-default elementor-section-height-default\" data-id=\"7867257\" data-element_type=\"section\" data-e-type=\"section\">\n\t\t\t\t\t\t<div class=\"elementor-container elementor-column-gap-default\">\n\t\t\t\t\t<div class=\"elementor-column elementor-col-100 elementor-top-column elementor-element elementor-element-e8ce55d\" data-id=\"e8ce55d\" data-element_type=\"column\" data-e-type=\"column\">\n\t\t\t<div class=\"elementor-widget-wrap elementor-element-populated\">\n\t\t\t\t\t\t<div class=\"elementor-element elementor-element-b04ff6d elementor-arrows-position-inside elementor-pagination-position-outside elementor-widget elementor-widget-image-carousel\" data-id=\"b04ff6d\" data-element_type=\"widget\" data-e-type=\"widget\" data-settings=\"{&quot;slides_to_show&quot;:&quot;1&quot;,&quot;navigation&quot;:&quot;both&quot;,&quot;autoplay&quot;:&quot;yes&quot;,&quot;pause_on_hover&quot;:&quot;yes&quot;,&quot;pause_on_interaction&quot;:&quot;yes&quot;,&quot;autoplay_speed&quot;:5000,&quot;infinite&quot;:&quot;yes&quot;,&quot;effect&quot;:&quot;slide&quot;,&quot;speed&quot;:500}\" data-widget_type=\"image-carousel.default\">\n\t\t\t\t<div class=\"elementor-widget-container\">\n\t\t\t\t\t\t\t<div class=\"elementor-image-carousel-wrapper swiper\" role=\"region\" aria-roledescription=\"carousel\" aria-label=\"Bild Karussell\" dir=\"ltr\">\n\t\t\t<div class=\"elementor-image-carousel swiper-wrapper swiper-image-stretch\" aria-live=\"off\">\n\t\t\t\t\t\t\t\t<div class=\"swiper-slide\" role=\"group\" aria-roledescription=\"slide\" aria-label=\"1 von 9\"><figure class=\"swiper-slide-inner\"><img decoding=\"async\" class=\"swiper-slide-image\" src=\"https:\/\/ferienwohnung.parketny.de\/wp-content\/uploads\/2019\/09\/Hausansicht-3-1-300x159.jpg\" alt=\"Aussenansicht\" \/><figcaption class=\"elementor-image-carousel-caption\">Aussenansicht<\/figcaption><\/figure><\/div><div class=\"swiper-slide\" role=\"group\" aria-roledescription=\"slide\" aria-label=\"2 von 9\"><figure class=\"swiper-slide-inner\"><img decoding=\"async\" class=\"swiper-slide-image\" src=\"https:\/\/ferienwohnung.parketny.de\/wp-content\/uploads\/2019\/09\/Eingangsbereich-225x300.jpg\" alt=\"Eingang\" \/><figcaption class=\"elementor-image-carousel-caption\">Eingang<\/figcaption><\/figure><\/div><div class=\"swiper-slide\" role=\"group\" aria-roledescription=\"slide\" aria-label=\"3 von 9\"><figure class=\"swiper-slide-inner\"><img decoding=\"async\" class=\"swiper-slide-image\" src=\"https:\/\/ferienwohnung.parketny.de\/wp-content\/uploads\/2019\/09\/Flur-221x300.jpg\" alt=\"Flur\" \/><figcaption class=\"elementor-image-carousel-caption\">Flur<\/figcaption><\/figure><\/div><div class=\"swiper-slide\" role=\"group\" aria-roledescription=\"slide\" aria-label=\"4 von 9\"><figure class=\"swiper-slide-inner\"><img decoding=\"async\" class=\"swiper-slide-image\" src=\"https:\/\/ferienwohnung.parketny.de\/wp-content\/uploads\/2019\/09\/Wohnzimmer-Fensterseite-300x169.jpg\" alt=\"Wohnzimmer (Fensterseite)\" \/><figcaption class=\"elementor-image-carousel-caption\">Wohnzimmer (Fensterseite)<\/figcaption><\/figure><\/div><div class=\"swiper-slide\" role=\"group\" aria-roledescription=\"slide\" aria-label=\"5 von 9\"><figure class=\"swiper-slide-inner\"><img decoding=\"async\" class=\"swiper-slide-image\" src=\"https:\/\/ferienwohnung.parketny.de\/wp-content\/uploads\/2019\/09\/Wohnzimmer-T\u00fcrseite-300x169.jpg\" alt=\"Wohnzimmer (Eingang)\" \/><figcaption class=\"elementor-image-carousel-caption\">Wohnzimmer (Eingang)<\/figcaption><\/figure><\/div><div class=\"swiper-slide\" role=\"group\" aria-roledescription=\"slide\" aria-label=\"6 von 9\"><figure class=\"swiper-slide-inner\"><img decoding=\"async\" class=\"swiper-slide-image\" src=\"https:\/\/ferienwohnung.parketny.de\/wp-content\/uploads\/2019\/09\/Schlafzimmer-Fensterseite-300x169.jpg\" alt=\"Schlafzimmer (Fensterseite)\" \/><figcaption class=\"elementor-image-carousel-caption\">Schlafzimmer (Fensterseite)<\/figcaption><\/figure><\/div><div class=\"swiper-slide\" role=\"group\" aria-roledescription=\"slide\" aria-label=\"7 von 9\"><figure class=\"swiper-slide-inner\"><img decoding=\"async\" class=\"swiper-slide-image\" src=\"https:\/\/ferienwohnung.parketny.de\/wp-content\/uploads\/2019\/09\/Schlafzimmer-T\u00fcrseite-300x169.jpg\" alt=\"Schlafzimmer (Eingang)\" \/><figcaption class=\"elementor-image-carousel-caption\">Schlafzimmer (Eingang)<\/figcaption><\/figure><\/div><div class=\"swiper-slide\" role=\"group\" aria-roledescription=\"slide\" aria-label=\"8 von 9\"><figure class=\"swiper-slide-inner\"><img decoding=\"async\" class=\"swiper-slide-image\" src=\"https:\/\/ferienwohnung.parketny.de\/wp-content\/uploads\/2019\/09\/K\u00fcche-225x300.jpg\" alt=\"K\u00fcche\" \/><figcaption class=\"elementor-image-carousel-caption\">K\u00fcche<\/figcaption><\/figure><\/div><div class=\"swiper-slide\" role=\"group\" aria-roledescription=\"slide\" aria-label=\"9 von 9\"><figure class=\"swiper-slide-inner\"><img decoding=\"async\" class=\"swiper-slide-image\" src=\"https:\/\/ferienwohnung.parketny.de\/wp-content\/uploads\/2019\/09\/Badezimmer-300x161.jpg\" alt=\"Badezimmer\" \/><figcaption class=\"elementor-image-carousel-caption\">Badezimmer<\/figcaption><\/figure><\/div>\t\t\t<\/div>\n\t\t\t\t\t\t\t\t\t\t\t\t<div class=\"elementor-swiper-button elementor-swiper-button-prev\" role=\"button\" tabindex=\"0\">\n\t\t\t\t\t\t<i aria-hidden=\"true\" class=\"eicon-chevron-left\"><\/i>\t\t\t\t\t<\/div>\n\t\t\t\t\t<div class=\"elementor-swiper-button elementor-swiper-button-next\" role=\"button\" tabindex=\"0\">\n\t\t\t\t\t\t<i aria-hidden=\"true\" class=\"eicon-chevron-right\"><\/i>\t\t\t\t\t<\/div>\n\t\t\t\t\n\t\t\t\t\t\t\t\t\t<div class=\"swiper-pagination\"><\/div>\n\t\t\t\t\t\t\t\t\t<\/div>\n\t\t\t\t\t\t<\/div>\n\t\t\t\t<\/div>\n\t\t\t\t\t<\/div>\n\t\t<\/div>\n\t\t\t\t\t<\/div>\n\t\t<\/section>\n\t\t\t\t<\/div>\n\t\t","protected":false},"excerpt":{"rendered":"<p>Au\u00dfenansicht Erdgescho\u00df Eingangsbereich Flur Wohnzimmer Fensterseite Wohnzimmer T\u00fcrseite Schlafzimmer Fensterseite Schlafzimmer T\u00fcrseite Badezimmer K\u00fcchecof<\/p>\n","protected":false},"author":1,"featured_media":0,"parent":0,"menu_order":0,"comment_status":"closed","ping_status":"closed","template":"","meta":{"footnotes":""},"class_list":["post-55","page","type-page","status-publish","czr-hentry"],"yoast_head":"<!-- This site is optimized with the Yoast SEO plugin v27.5 - https:\/\/yoast.com\/product\/yoast-seo-wordpress\/ -->\n<title>Bilder - St. Pantaleonstrasse<\/title>\n<meta name=\"robots\" content=\"index, follow, max-snippet:-1, max-image-preview:large, max-video-preview:-1\" \/>\n<link rel=\"canonical\" href=\"https:\/\/ferienwohnung.parketny.de\/?page_id=55\" \/>\n<meta property=\"og:locale\" content=\"de_DE\" \/>\n<meta property=\"og:type\" content=\"article\" \/>\n<meta property=\"og:title\" content=\"Bilder - St. Pantaleonstrasse\" \/>\n<meta property=\"og:description\" content=\"Au\u00dfenansicht Erdgescho\u00df Eingangsbereich Flur Wohnzimmer Fensterseite Wohnzimmer T\u00fcrseite Schlafzimmer Fensterseite Schlafzimmer T\u00fcrseite Badezimmer K\u00fcchecof\" \/>\n<meta property=\"og:url\" content=\"https:\/\/ferienwohnung.parketny.de\/?page_id=55\" \/>\n<meta property=\"og:site_name\" content=\"St. Pantaleonstrasse\" \/>\n<meta property=\"article:modified_time\" content=\"2022-10-26T09:20:45+00:00\" \/>\n<meta property=\"og:image\" content=\"https:\/\/ferienwohnung.parketny.de\/wp-content\/uploads\/2019\/09\/Hausansicht-3-2.jpg\" \/>\n<meta name=\"twitter:card\" content=\"summary_large_image\" \/>\n<script type=\"application\/ld+json\" class=\"yoast-schema-graph\">{\"@context\":\"https:\\\/\\\/schema.org\",\"@graph\":[{\"@type\":\"WebPage\",\"@id\":\"https:\\\/\\\/ferienwohnung.parketny.de\\\/?page_id=55\",\"url\":\"https:\\\/\\\/ferienwohnung.parketny.de\\\/?page_id=55\",\"name\":\"Bilder - St. Pantaleonstrasse\",\"isPartOf\":{\"@id\":\"https:\\\/\\\/ferienwohnung.parketny.de\\\/#website\"},\"primaryImageOfPage\":{\"@id\":\"https:\\\/\\\/ferienwohnung.parketny.de\\\/?page_id=55#primaryimage\"},\"image\":{\"@id\":\"https:\\\/\\\/ferienwohnung.parketny.de\\\/?page_id=55#primaryimage\"},\"thumbnailUrl\":\"https:\\\/\\\/ferienwohnung.parketny.de\\\/wp-content\\\/uploads\\\/2019\\\/09\\\/Hausansicht-3-2.jpg\",\"datePublished\":\"2019-09-08T14:27:55+00:00\",\"dateModified\":\"2022-10-26T09:20:45+00:00\",\"breadcrumb\":{\"@id\":\"https:\\\/\\\/ferienwohnung.parketny.de\\\/?page_id=55#breadcrumb\"},\"inLanguage\":\"de\",\"potentialAction\":[{\"@type\":\"ReadAction\",\"target\":[\"https:\\\/\\\/ferienwohnung.parketny.de\\\/?page_id=55\"]}]},{\"@type\":\"ImageObject\",\"inLanguage\":\"de\",\"@id\":\"https:\\\/\\\/ferienwohnung.parketny.de\\\/?page_id=55#primaryimage\",\"url\":\"https:\\\/\\\/ferienwohnung.parketny.de\\\/wp-content\\\/uploads\\\/2019\\\/09\\\/Hausansicht-3-2.jpg\",\"contentUrl\":\"https:\\\/\\\/ferienwohnung.parketny.de\\\/wp-content\\\/uploads\\\/2019\\\/09\\\/Hausansicht-3-2.jpg\",\"width\":1760,\"height\":932,\"caption\":\"Au\u00dfenansicht Erdgescho\u00df\"},{\"@type\":\"BreadcrumbList\",\"@id\":\"https:\\\/\\\/ferienwohnung.parketny.de\\\/?page_id=55#breadcrumb\",\"itemListElement\":[{\"@type\":\"ListItem\",\"position\":1,\"name\":\"Home\",\"item\":\"https:\\\/\\\/ferienwohnung.parketny.de\\\/\"},{\"@type\":\"ListItem\",\"position\":2,\"name\":\"Bilder\"}]},{\"@type\":\"WebSite\",\"@id\":\"https:\\\/\\\/ferienwohnung.parketny.de\\\/#website\",\"url\":\"https:\\\/\\\/ferienwohnung.parketny.de\\\/\",\"name\":\"St. Pantaleonstrasse\",\"description\":\"\",\"publisher\":{\"@id\":\"https:\\\/\\\/ferienwohnung.parketny.de\\\/#organization\"},\"potentialAction\":[{\"@type\":\"SearchAction\",\"target\":{\"@type\":\"EntryPoint\",\"urlTemplate\":\"https:\\\/\\\/ferienwohnung.parketny.de\\\/?s={search_term_string}\"},\"query-input\":{\"@type\":\"PropertyValueSpecification\",\"valueRequired\":true,\"valueName\":\"search_term_string\"}}],\"inLanguage\":\"de\"},{\"@type\":\"Organization\",\"@id\":\"https:\\\/\\\/ferienwohnung.parketny.de\\\/#organization\",\"name\":\"St. Pantaleonstrasse\",\"url\":\"https:\\\/\\\/ferienwohnung.parketny.de\\\/\",\"logo\":{\"@type\":\"ImageObject\",\"inLanguage\":\"de\",\"@id\":\"https:\\\/\\\/ferienwohnung.parketny.de\\\/#\\\/schema\\\/logo\\\/image\\\/\",\"url\":\"https:\\\/\\\/ferienwohnung.parketny.de\\\/wp-content\\\/uploads\\\/2019\\\/09\\\/cropped-Hausnummer.jpg\",\"contentUrl\":\"https:\\\/\\\/ferienwohnung.parketny.de\\\/wp-content\\\/uploads\\\/2019\\\/09\\\/cropped-Hausnummer.jpg\",\"width\":1022,\"height\":899,\"caption\":\"St. Pantaleonstrasse\"},\"image\":{\"@id\":\"https:\\\/\\\/ferienwohnung.parketny.de\\\/#\\\/schema\\\/logo\\\/image\\\/\"}}]}<\/script>\n<!-- \/ Yoast SEO plugin. -->","yoast_head_json":{"title":"Bilder - St. Pantaleonstrasse","robots":{"index":"index","follow":"follow","max-snippet":"max-snippet:-1","max-image-preview":"max-image-preview:large","max-video-preview":"max-video-preview:-1"},"canonical":"https:\/\/ferienwohnung.parketny.de\/?page_id=55","og_locale":"de_DE","og_type":"article","og_title":"Bilder - St. Pantaleonstrasse","og_description":"Au\u00dfenansicht Erdgescho\u00df Eingangsbereich Flur Wohnzimmer Fensterseite Wohnzimmer T\u00fcrseite Schlafzimmer Fensterseite Schlafzimmer T\u00fcrseite Badezimmer K\u00fcchecof","og_url":"https:\/\/ferienwohnung.parketny.de\/?page_id=55","og_site_name":"St. Pantaleonstrasse","article_modified_time":"2022-10-26T09:20:45+00:00","og_image":[{"url":"https:\/\/ferienwohnung.parketny.de\/wp-content\/uploads\/2019\/09\/Hausansicht-3-2.jpg","type":"","width":"","height":""}],"twitter_card":"summary_large_image","schema":{"@context":"https:\/\/schema.org","@graph":[{"@type":"WebPage","@id":"https:\/\/ferienwohnung.parketny.de\/?page_id=55","url":"https:\/\/ferienwohnung.parketny.de\/?page_id=55","name":"Bilder - St. Pantaleonstrasse","isPartOf":{"@id":"https:\/\/ferienwohnung.parketny.de\/#website"},"primaryImageOfPage":{"@id":"https:\/\/ferienwohnung.parketny.de\/?page_id=55#primaryimage"},"image":{"@id":"https:\/\/ferienwohnung.parketny.de\/?page_id=55#primaryimage"},"thumbnailUrl":"https:\/\/ferienwohnung.parketny.de\/wp-content\/uploads\/2019\/09\/Hausansicht-3-2.jpg","datePublished":"2019-09-08T14:27:55+00:00","dateModified":"2022-10-26T09:20:45+00:00","breadcrumb":{"@id":"https:\/\/ferienwohnung.parketny.de\/?page_id=55#breadcrumb"},"inLanguage":"de","potentialAction":[{"@type":"ReadAction","target":["https:\/\/ferienwohnung.parketny.de\/?page_id=55"]}]},{"@type":"ImageObject","inLanguage":"de","@id":"https:\/\/ferienwohnung.parketny.de\/?page_id=55#primaryimage","url":"https:\/\/ferienwohnung.parketny.de\/wp-content\/uploads\/2019\/09\/Hausansicht-3-2.jpg","contentUrl":"https:\/\/ferienwohnung.parketny.de\/wp-content\/uploads\/2019\/09\/Hausansicht-3-2.jpg","width":1760,"height":932,"caption":"Au\u00dfenansicht Erdgescho\u00df"},{"@type":"BreadcrumbList","@id":"https:\/\/ferienwohnung.parketny.de\/?page_id=55#breadcrumb","itemListElement":[{"@type":"ListItem","position":1,"name":"Home","item":"https:\/\/ferienwohnung.parketny.de\/"},{"@type":"ListItem","position":2,"name":"Bilder"}]},{"@type":"WebSite","@id":"https:\/\/ferienwohnung.parketny.de\/#website","url":"https:\/\/ferienwohnung.parketny.de\/","name":"St. Pantaleonstrasse","description":"","publisher":{"@id":"https:\/\/ferienwohnung.parketny.de\/#organization"},"potentialAction":[{"@type":"SearchAction","target":{"@type":"EntryPoint","urlTemplate":"https:\/\/ferienwohnung.parketny.de\/?s={search_term_string}"},"query-input":{"@type":"PropertyValueSpecification","valueRequired":true,"valueName":"search_term_string"}}],"inLanguage":"de"},{"@type":"Organization","@id":"https:\/\/ferienwohnung.parketny.de\/#organization","name":"St. Pantaleonstrasse","url":"https:\/\/ferienwohnung.parketny.de\/","logo":{"@type":"ImageObject","inLanguage":"de","@id":"https:\/\/ferienwohnung.parketny.de\/#\/schema\/logo\/image\/","url":"https:\/\/ferienwohnung.parketny.de\/wp-content\/uploads\/2019\/09\/cropped-Hausnummer.jpg","contentUrl":"https:\/\/ferienwohnung.parketny.de\/wp-content\/uploads\/2019\/09\/cropped-Hausnummer.jpg","width":1022,"height":899,"caption":"St. Pantaleonstrasse"},"image":{"@id":"https:\/\/ferienwohnung.parketny.de\/#\/schema\/logo\/image\/"}}]}},"jetpack_sharing_enabled":true,"_links":{"self":[{"href":"https:\/\/ferienwohnung.parketny.de\/index.php?rest_route=\/wp\/v2\/pages\/55","targetHints":{"allow":["GET"]}}],"collection":[{"href":"https:\/\/ferienwohnung.parketny.de\/index.php?rest_route=\/wp\/v2\/pages"}],"about":[{"href":"https:\/\/ferienwohnung.parketny.de\/index.php?rest_route=\/wp\/v2\/types\/page"}],"author":[{"embeddable":true,"href":"https:\/\/ferienwohnung.parketny.de\/index.php?rest_route=\/wp\/v2\/users\/1"}],"replies":[{"embeddable":true,"href":"https:\/\/ferienwohnung.parketny.de\/index.php?rest_route=%2Fwp%2Fv2%2Fcomments&post=55"}],"version-history":[{"count":18,"href":"https:\/\/ferienwohnung.parketny.de\/index.php?rest_route=\/wp\/v2\/pages\/55\/revisions"}],"predecessor-version":[{"id":313,"href":"https:\/\/ferienwohnung.parketny.de\/index.php?rest_route=\/wp\/v2\/pages\/55\/revisions\/313"}],"wp:attachment":[{"href":"https:\/\/ferienwohnung.parketny.de\/index.php?rest_route=%2Fwp%2Fv2%2Fmedia&parent=55"}],"curies":[{"name":"wp","href":"https:\/\/api.w.org\/{rel}","templated":true}]}}